{"id":138,"date":"2025-02-13T04:30:37","date_gmt":"2025-02-13T04:30:37","guid":{"rendered":"https:\/\/mayortv.org\/?page_id=138"},"modified":"2025-10-30T04:09:26","modified_gmt":"2025-10-30T04:09:26","slug":"mision","status":"publish","type":"page","link":"https:\/\/mayortv.org\/index.php\/mision\/","title":{"rendered":"Mision"},"content":{"rendered":"\t\t<div data-elementor-type=\"wp-page\" data-elementor-id=\"138\" class=\"elementor elementor-138\">\n\t\t\t\t<div class=\"elementor-element elementor-element-39772ac9 e-con-full e-flex e-con e-parent\" data-id=\"39772ac9\" data-element_type=\"container\" data-settings=\"{&quot;background_background&quot;:&quot;classic&quot;}\">\n\t\t<div class=\"elementor-element elementor-element-29a3766d e-con-full e-flex e-con e-child\" data-id=\"29a3766d\" data-element_type=\"container\">\n\t\t\t\t<div class=\"elementor-element elementor-element-57fc44f4 elementor-widget elementor-widget-heading\" data-id=\"57fc44f4\" data-element_type=\"widget\" data-widget_type=\"heading.default\">\n\t\t\t\t<div class=\"elementor-widget-container\">\n\t\t\t\t\t<h1 class=\"elementor-heading-title elementor-size-default\">NOS SOBRAN MOTIVACIONES<\/h1>\t\t\t\t<\/div>\n\t\t\t\t<\/div>\n\t\t\t\t<div class=\"elementor-element elementor-element-5d293cd7 elementor-widget elementor-widget-text-editor\" data-id=\"5d293cd7\" data-element_type=\"widget\" data-widget_type=\"text-editor.default\">\n\t\t\t\t<div class=\"elementor-widget-container\">\n\t\t\t\t\t\t\t\t\t<p><span style=\"font-weight: 400;\">Bajo la m\u00e1xima &#8220;Llegar bien a los 100&#8221;, hemos dise\u00f1ado un plan de trabajo que permitir\u00e1 la creaci\u00f3n de un medio de comunicaci\u00f3n multiplataforma, que, en su alcance tradicional y digital, se convertir\u00e1 en un foco de informaci\u00f3n, <\/span><b>estrechando lazos entre la ciencia y la comunidad.<\/b><\/p><p><span style=\"font-weight: 400;\">La necesidad es de integrar; <\/span><b>conocimiento, informaci\u00f3n y compa\u00f1\u00eda<\/b><span style=\"font-weight: 400;\"> en un espacio donde todos puedan pertenecer y que deje un legado para futuras generaciones en relaci\u00f3n al trato y cuidado de nuestras personas mayores.<\/span><\/p>\t\t\t\t\t\t\t\t<\/div>\n\t\t\t\t<\/div>\n\t\t\t\t<\/div>\n\t\t<div class=\"elementor-element elementor-element-168c2fbe e-con-full e-flex e-con e-child\" data-id=\"168c2fbe\" data-element_type=\"container\">\n\t\t\t\t<div class=\"elementor-element elementor-element-53f0d965 elementor-widget elementor-widget-image\" data-id=\"53f0d965\" data-element_type=\"widget\" data-widget_type=\"image.default\">\n\t\t\t\t<div class=\"elementor-widget-container\">\n\t\t\t\t\t\t\t\t\t\t\t\t\t\t\t<img fetchpriority=\"high\" decoding=\"async\" width=\"1000\" height=\"667\" src=\"https:\/\/mayortv.org\/wp-content\/uploads\/2025\/02\/Que-es-el-envejecimiento-activo-3.webp\" class=\"attachment-large size-large wp-image-46\" alt=\"\" srcset=\"https:\/\/mayortv.org\/wp-content\/uploads\/2025\/02\/Que-es-el-envejecimiento-activo-3.webp 1000w, https:\/\/mayortv.org\/wp-content\/uploads\/2025\/02\/Que-es-el-envejecimiento-activo-3-300x200.webp 300w, https:\/\/mayortv.org\/wp-content\/uploads\/2025\/02\/Que-es-el-envejecimiento-activo-3-768x512.webp 768w\" sizes=\"(max-width: 1000px) 100vw, 1000px\" \/>\t\t\t\t\t\t\t\t\t\t\t\t\t\t\t<\/div>\n\t\t\t\t<\/div>\n\t\t\t\t<\/div>\n\t\t\t\t<\/div>\n\t\t<div class=\"elementor-element elementor-element-11f0f0b1 e-flex e-con-boxed e-con e-parent\" data-id=\"11f0f0b1\" data-element_type=\"container\">\n\t\t\t\t\t<div class=\"e-con-inner\">\n\t\t<div class=\"elementor-element elementor-element-7c04823e e-con-full e-flex e-con e-child\" data-id=\"7c04823e\" data-element_type=\"container\">\n\t\t<div class=\"elementor-element elementor-element-170f105a e-con-full e-flex e-con e-child\" data-id=\"170f105a\" data-element_type=\"container\">\n\t\t\t\t<div class=\"elementor-element elementor-element-699d2ce5 elementor-widget elementor-widget-image\" data-id=\"699d2ce5\" data-element_type=\"widget\" data-widget_type=\"image.default\">\n\t\t\t\t<div class=\"elementor-widget-container\">\n\t\t\t\t\t\t\t\t\t\t\t\t\t\t\t<img decoding=\"async\" width=\"254\" height=\"255\" src=\"https:\/\/mayortv.org\/wp-content\/uploads\/2025\/02\/segmento1.png\" class=\"attachment-large size-large wp-image-156\" alt=\"\" srcset=\"https:\/\/mayortv.org\/wp-content\/uploads\/2025\/02\/segmento1.png 254w, https:\/\/mayortv.org\/wp-content\/uploads\/2025\/02\/segmento1-150x150.png 150w, https:\/\/mayortv.org\/wp-content\/uploads\/2025\/02\/segmento1-106x106.png 106w, https:\/\/mayortv.org\/wp-content\/uploads\/2025\/02\/segmento1-80x80.png 80w\" sizes=\"(max-width: 254px) 100vw, 254px\" \/>\t\t\t\t\t\t\t\t\t\t\t\t\t\t\t<\/div>\n\t\t\t\t<\/div>\n\t\t\t\t<div class=\"elementor-element elementor-element-5a7f6397 elementor-widget elementor-widget-image\" data-id=\"5a7f6397\" data-element_type=\"widget\" data-widget_type=\"image.default\">\n\t\t\t\t<div class=\"elementor-widget-container\">\n\t\t\t\t\t\t\t\t\t\t\t\t\t\t\t<img decoding=\"async\" width=\"256\" height=\"255\" src=\"https:\/\/mayortv.org\/wp-content\/uploads\/2025\/02\/tv-viendo.png\" class=\"attachment-large size-large wp-image-157\" alt=\"\" srcset=\"https:\/\/mayortv.org\/wp-content\/uploads\/2025\/02\/tv-viendo.png 256w, https:\/\/mayortv.org\/wp-content\/uploads\/2025\/02\/tv-viendo-150x150.png 150w, https:\/\/mayortv.org\/wp-content\/uploads\/2025\/02\/tv-viendo-106x106.png 106w, https:\/\/mayortv.org\/wp-content\/uploads\/2025\/02\/tv-viendo-80x80.png 80w\" sizes=\"(max-width: 256px) 100vw, 256px\" \/>\t\t\t\t\t\t\t\t\t\t\t\t\t\t\t<\/div>\n\t\t\t\t<\/div>\n\t\t\t\t<\/div>\n\t\t<div class=\"elementor-element elementor-element-4a876f7 e-con-full e-flex e-con e-child\" data-id=\"4a876f7\" data-element_type=\"container\">\n\t\t\t\t<div class=\"elementor-element elementor-element-32ce0a8f elementor-widget elementor-widget-image\" data-id=\"32ce0a8f\" data-element_type=\"widget\" data-widget_type=\"image.default\">\n\t\t\t\t<div class=\"elementor-widget-container\">\n\t\t\t\t\t\t\t\t\t\t\t\t\t\t\t<img loading=\"lazy\" decoding=\"async\" width=\"1024\" height=\"1024\" src=\"https:\/\/mayortv.org\/wp-content\/uploads\/2025\/02\/Untitled-design-28-1024x1024-1.png\" class=\"attachment-large size-large wp-image-51\" alt=\"\" srcset=\"https:\/\/mayortv.org\/wp-content\/uploads\/2025\/02\/Untitled-design-28-1024x1024-1.png 1024w, https:\/\/mayortv.org\/wp-content\/uploads\/2025\/02\/Untitled-design-28-1024x1024-1-300x300.png 300w, https:\/\/mayortv.org\/wp-content\/uploads\/2025\/02\/Untitled-design-28-1024x1024-1-150x150.png 150w, https:\/\/mayortv.org\/wp-content\/uploads\/2025\/02\/Untitled-design-28-1024x1024-1-768x768.png 768w, https:\/\/mayortv.org\/wp-content\/uploads\/2025\/02\/Untitled-design-28-1024x1024-1-450x450.png 450w, https:\/\/mayortv.org\/wp-content\/uploads\/2025\/02\/Untitled-design-28-1024x1024-1-106x106.png 106w, https:\/\/mayortv.org\/wp-content\/uploads\/2025\/02\/Untitled-design-28-1024x1024-1-560x560.png 560w, https:\/\/mayortv.org\/wp-content\/uploads\/2025\/02\/Untitled-design-28-1024x1024-1-80x80.png 80w\" sizes=\"(max-width: 1024px) 100vw, 1024px\" \/>\t\t\t\t\t\t\t\t\t\t\t\t\t\t\t<\/div>\n\t\t\t\t<\/div>\n\t\t\t\t<div class=\"elementor-element elementor-element-7ced0f1c elementor-widget elementor-widget-image\" data-id=\"7ced0f1c\" data-element_type=\"widget\" data-widget_type=\"image.default\">\n\t\t\t\t<div class=\"elementor-widget-container\">\n\t\t\t\t\t\t\t\t\t\t\t\t\t\t\t<img loading=\"lazy\" decoding=\"async\" width=\"255\" height=\"256\" src=\"https:\/\/mayortv.org\/wp-content\/uploads\/2025\/02\/segmento-2.png\" class=\"attachment-large size-large wp-image-155\" alt=\"\" srcset=\"https:\/\/mayortv.org\/wp-content\/uploads\/2025\/02\/segmento-2.png 255w, https:\/\/mayortv.org\/wp-content\/uploads\/2025\/02\/segmento-2-150x150.png 150w, https:\/\/mayortv.org\/wp-content\/uploads\/2025\/02\/segmento-2-106x106.png 106w, https:\/\/mayortv.org\/wp-content\/uploads\/2025\/02\/segmento-2-80x80.png 80w\" sizes=\"(max-width: 255px) 100vw, 255px\" \/>\t\t\t\t\t\t\t\t\t\t\t\t\t\t\t<\/div>\n\t\t\t\t<\/div>\n\t\t\t\t<\/div>\n\t\t\t\t<\/div>\n\t\t<div class=\"elementor-element elementor-element-2f687f1c e-con-full e-flex e-con e-child\" data-id=\"2f687f1c\" data-element_type=\"container\">\n\t\t\t\t<div class=\"elementor-element elementor-element-7d5e007f elementor-widget elementor-widget-heading\" data-id=\"7d5e007f\" data-element_type=\"widget\" data-widget_type=\"heading.default\">\n\t\t\t\t<div class=\"elementor-widget-container\">\n\t\t\t\t\t<h3 class=\"elementor-heading-title elementor-size-default\">Diagn\u00f3stico<\/h3>\t\t\t\t<\/div>\n\t\t\t\t<\/div>\n\t\t\t\t<div class=\"elementor-element elementor-element-cc39ab9 elementor-widget elementor-widget-text-editor\" data-id=\"cc39ab9\" data-element_type=\"widget\" data-widget_type=\"text-editor.default\">\n\t\t\t\t<div class=\"elementor-widget-container\">\n\t\t\t\t\t\t\t\t\t<p><span style=\"font-weight: 400;\">Recientes estudios de consumo de medios digitales y televisi\u00f3n sit\u00faan a los adultos mayores como un segmento de la poblaci\u00f3n que destaca en la manera en que consumen <\/span><b><i>contenidos digitales y se mantienen fieles a la existencia de se\u00f1ales televisivas.<\/i><\/b><span style=\"font-weight: 400;\"><br \/><\/span><span style=\"font-weight: 400;\"><br \/><\/span><span style=\"font-weight: 400;\">La televisi\u00f3n act\u00faa en este segmento como un validador de informaci\u00f3n, fuente de educaci\u00f3n y esparcimiento.<\/span><span style=\"font-weight: 400;\"><br \/><\/span><span style=\"font-weight: 400;\"><br \/><\/span><span style=\"font-weight: 400;\">Es posible entonces, el uso de estos medios como una <\/span><b><i>herramienta de informaci\u00f3n<\/i><\/b><span style=\"font-weight: 400;\">, para la promoci\u00f3n de una nueva visi\u00f3n del envejecimiento desde sus distintos \u00e1ngulos, ofreciendo adem\u00e1s <\/span><b><i>esparcimiento e incluso compa\u00f1\u00eda valiosa <\/i><\/b><span style=\"font-weight: 400;\">para nuestras personas mayores.<\/span><\/p>\t\t\t\t\t\t\t\t<\/div>\n\t\t\t\t<\/div>\n\t\t\t\t<\/div>\n\t\t\t\t\t<\/div>\n\t\t\t\t<\/div>\n\t\t<div class=\"elementor-element elementor-element-61517e8a e-con-full e-flex e-con e-parent\" data-id=\"61517e8a\" data-element_type=\"container\" data-settings=\"{&quot;background_background&quot;:&quot;classic&quot;}\">\n\t\t\t\t<div class=\"elementor-element elementor-element-306446e9 elementor-widget elementor-widget-heading\" data-id=\"306446e9\" data-element_type=\"widget\" data-widget_type=\"heading.default\">\n\t\t\t\t<div class=\"elementor-widget-container\">\n\t\t\t\t\t<p class=\"elementor-heading-title elementor-size-default\">\u00a9 Todos los derechos reservados.<\/p>\t\t\t\t<\/div>\n\t\t\t\t<\/div>\n\t\t\t\t<\/div>\n\t\t\t\t<\/div>\n\t\t","protected":false},"excerpt":{"rendered":"<p>NOS SOBRAN MOTIVACIONES Bajo la m\u00e1xima &#8220;Llegar bien a los 100&#8221;, hemos dise\u00f1ado un plan de trabajo que permitir\u00e1 la creaci\u00f3n de un medio de comunicaci\u00f3n multiplataforma, que, en su alcance tradicional y digital, se convertir\u00e1 en un foco de informaci\u00f3n, estrechando lazos entre la ciencia y la comunidad. La necesidad es de integrar; conocimiento, [&hellip;]<\/p>\n","protected":false},"author":1,"featured_media":0,"parent":0,"menu_order":0,"comment_status":"closed","ping_status":"closed","template":"","meta":{"_kadence_starter_templates_imported_post":false,"footnotes":""},"class_list":["post-138","page","type-page","status-publish","hentry"],"_links":{"self":[{"href":"https:\/\/mayortv.org\/index.php\/wp-json\/wp\/v2\/pages\/138","targetHints":{"allow":["GET"]}}],"collection":[{"href":"https:\/\/mayortv.org\/index.php\/wp-json\/wp\/v2\/pages"}],"about":[{"href":"https:\/\/mayortv.org\/index.php\/wp-json\/wp\/v2\/types\/page"}],"author":[{"embeddable":true,"href":"https:\/\/mayortv.org\/index.php\/wp-json\/wp\/v2\/users\/1"}],"replies":[{"embeddable":true,"href":"https:\/\/mayortv.org\/index.php\/wp-json\/wp\/v2\/comments?post=138"}],"version-history":[{"count":33,"href":"https:\/\/mayortv.org\/index.php\/wp-json\/wp\/v2\/pages\/138\/revisions"}],"predecessor-version":[{"id":323,"href":"https:\/\/mayortv.org\/index.php\/wp-json\/wp\/v2\/pages\/138\/revisions\/323"}],"wp:attachment":[{"href":"https:\/\/mayortv.org\/index.php\/wp-json\/wp\/v2\/media?parent=138"}],"curies":[{"name":"wp","href":"https:\/\/api.w.org\/{rel}","templated":true}]}}