{"id":17,"date":"2025-02-05T19:55:29","date_gmt":"2025-02-05T19:55:29","guid":{"rendered":"https:\/\/mayortv.org\/?page_id=17"},"modified":"2025-11-18T14:03:50","modified_gmt":"2025-11-18T14:03:50","slug":"elementor-17","status":"publish","type":"page","link":"https:\/\/mayortv.org\/","title":{"rendered":"Home"},"content":{"rendered":"\t\t<div data-elementor-type=\"wp-page\" data-elementor-id=\"17\" class=\"elementor elementor-17\">\n\t\t\t\t<div class=\"elementor-element elementor-element-ccb9c51 e-flex e-con-boxed e-con e-parent\" data-id=\"ccb9c51\" data-element_type=\"container\">\n\t\t\t\t\t<div class=\"e-con-inner\">\n\t\t\t\t<div class=\"elementor-element elementor-element-ef649ab elementor-widget elementor-widget-slider_revolution\" data-id=\"ef649ab\" data-element_type=\"widget\" data-widget_type=\"slider_revolution.default\">\n\t\t\t\t<div class=\"elementor-widget-container\">\n\t\t\t\t\t\n\t\t<div class=\"wp-block-themepunch-revslider\">\n\t\t\t\t<p class=\"rs-p-wp-fix\"><\/p>\n\t\t\t\t<sr7-module data-alias=\"FutureSight-Digital-Marketing-Template\" data-id=\"1\" id=\"SR7_1_1\" class=\"rs-ov-hidden\" data-version=\"6.7.27\">\n\t\t\t\t\t<sr7-adjuster><\/sr7-adjuster>\n\t\t\t\t\t<sr7-content>\n\t\t\t\t\t\t<sr7-carousel>\n\t\t\t\t\t\t<sr7-slide id=\"SR7_1_1-3\" data-key=\"3\">\n\t\t\t\t\t\t\t<sr7-txt id=\"SR7_1_1-3-23\" class=\"sr7-layer\">.<\/sr7-txt>\n\t\t\t\t\t\t<\/sr7-slide>\n\t\t\t\t\t\t<sr7-slide id=\"SR7_1_1-1\" data-key=\"1\">\n\t\t\t\t\t\t\t<h2 id=\"SR7_1_1-1-0\" class=\"sr7-layer\">Envejecimiento activo <br \/>\ndesde todas sus expresiones<\/h2>\n\t\t\t\t\t\t\t<p id=\"SR7_1_1-1-1\" class=\"sr7-layer\">MayorTV es un motivador para que el envejecimiento sea activo en diversas formas; tanto f\u00edsica como intelectualmente y sin olvidar la afectividad. <\/p>\n\t\t\t\t\t\t\t<sr7-txt id=\"SR7_1_1-1-2\" class=\"sr7-layer\">Act\u00edvate <i class=\"material-icons\">arrow_forward<\/i><\/sr7-txt>\n\t\t\t\t\t\t\t<h3 id=\"SR7_1_1-1-7\" class=\"sr7-layer\">Llegar bien a los cien<\/h3>\n\t\t\t\t\t\t\t<sr7-txt id=\"SR7_1_1-1-8\" class=\"sr7-layer\">Explore Solutions \u2192<\/sr7-txt>\n\t\t\t\t\t\t<\/sr7-slide>\n\t\t\t\t\t\t<sr7-slide id=\"SR7_1_1-5\" data-key=\"5\">\n\t\t\t\t\t\t\t<h2 id=\"SR7_1_1-5-0\" class=\"sr7-layer\">Un puente entre el conocimiento y la comunidad<\/h2>\n\t\t\t\t\t\t\t<p id=\"SR7_1_1-5-1\" class=\"sr7-layer\">Todos est\u00e1n invitados a ser parte de esta experiencia de conocimiento.<br \/>\nEntender y difundir es fundamental y lo hacemos entre todos.<\/p>\n\t\t\t\t\t\t\t<sr7-txt id=\"SR7_1_1-5-2\" class=\"sr7-layer\">Noticias <i class=\"material-icons\">arrow_forward<\/i><\/sr7-txt>\n\t\t\t\t\t\t\t<sr7-txt id=\"SR7_1_1-5-8\" class=\"sr7-layer\">Try Us Now \u2192<\/sr7-txt>\n\t\t\t\t\t\t\t<h3 id=\"SR7_1_1-5-12\" class=\"sr7-layer\">Conectando a la ciencia <\/h3>\n\t\t\t\t\t\t<\/sr7-slide>\n\t\t\t\t\t\t<sr7-slide id=\"SR7_1_1-2\" data-key=\"2\">\n\t\t\t\t\t\t\t<h2 id=\"SR7_1_1-2-0\" class=\"sr7-layer\">Opini\u00f3n, informaci\u00f3n  y entrentenci\u00f3n <\/h2>\n\t\t\t\t\t\t\t<p id=\"SR7_1_1-2-1\" class=\"sr7-layer\">Todos est\u00e1n invitados a ser parte de esta experiencia de conocimiento.<br \/>\nEntender y difundir es fundamental y lo hacemos entre todos.<\/p>\n\t\t\t\t\t\t\t<sr7-txt id=\"SR7_1_1-2-2\" class=\"sr7-layer\">Cont\u00e1ctanos <i class=\"material-icons\">arrow_forward<\/i><\/sr7-txt>\n\t\t\t\t\t\t\t<sr7-txt id=\"SR7_1_1-2-8\" class=\"sr7-layer\">Try Us Now \u2192<\/sr7-txt>\n\t\t\t\t\t\t\t<h3 id=\"SR7_1_1-2-12\" class=\"sr7-layer\">Conectando a la ciencia <\/h3>\n\t\t\t\t\t\t<\/sr7-slide>\n\t\t\t\t\t\t<sr7-slide id=\"SR7_1_1-4\" data-key=\"4\">\n\t\t\t\t\t\t\t<h2 id=\"SR7_1_1-4-9\" class=\"sr7-layer\">0{{current_slide_index}} <span style=\"opacity:0.35;\">&nbsp; | &nbsp; 0{{total_slide_count}}<\/span><\/h2>\n\t\t\t\t\t\t\t<sr7-txt id=\"SR7_1_1-4-11\" class=\"sr7-layer\"><i class=\"material-icons\">arrow_forward<\/i><\/sr7-txt>\n\t\t\t\t\t\t\t<sr7-txt id=\"SR7_1_1-4-21\" class=\"sr7-layer\"><i class=\"material-icons\">arrow_back<\/i><\/sr7-txt>\n\t\t\t\t\t\t<\/sr7-slide>\n\t\t\t\t\t\t<\/sr7-carousel>\n\t\t\t\t\t<\/sr7-content>\n\t\t\t\t\t<image_lists style=\"display:none\">\n\t\t\t\t\t\t<img data-src=\"\/\/mayortv.org\/wp-content\/uploads\/2025\/02\/Que-es-el-envejecimiento-activo-3.webp\" data-libid=\"46\" title=\"Que-es-el-envejecimiento-activo-3\" width=\"0\" height=\"0\" data-dbsrc=\"Ly9tYXlvcnR2Lm9yZy93cC1jb250ZW50L3VwbG9hZHMvMjAyNS8wMi9RdWUtZXMtZWwtZW52ZWplY2ltaWVudG8tYWN0aXZvLTMud2VicA==\"\/>\n\t\t\t\t\t\t<img data-src=\"\/\/mayortv.org\/wp-content\/uploads\/2025\/02\/La-importancia-de-un-envejecimiento-activo-y-saludable3.webp\" data-libid=\"50\" title=\"La-importancia-de-un-envejecimiento-activo-y-saludable3\" width=\"0\" height=\"0\" data-dbsrc=\"Ly9tYXlvcnR2Lm9yZy93cC1jb250ZW50L3VwbG9hZHMvMjAyNS8wMi9MYS1pbXBvcnRhbmNpYS1kZS11bi1lbnZlamVjaW1pZW50by1hY3Rpdm8teS1zYWx1ZGFibGUzLndlYnA=\"\/>\n\t\t\t\t\t\t<img data-src=\"\/\/mayortv.org\/wp-content\/uploads\/2025\/02\/image-4.png\" data-libid=\"268\" title=\"image (4)\" width=\"0\" height=\"0\" data-dbsrc=\"Ly9tYXlvcnR2Lm9yZy93cC1jb250ZW50L3VwbG9hZHMvMjAyNS8wMi9pbWFnZS00LnBuZw==\"\/>\n\t\t\t\t\t\t<img loading=\"lazy\" data-src=\"\/\/mayortv.org\/wp-content\/uploads\/2025\/02\/charla.png\" data-libid=\"269\" title=\"charla\" width=\"0\" height=\"0\" data-dbsrc=\"Ly9tYXlvcnR2Lm9yZy93cC1jb250ZW50L3VwbG9hZHMvMjAyNS8wMi9jaGFybGEucG5n\"\/>\n\t\t\t\t\t\t<img loading=\"lazy\" data-src=\"\/\/mayortv.org\/wp-content\/uploads\/revslider\/FutureSight-Digital-Marketing-Template\/1-pic1.jpg\" data-libid=\"29\" title=\"1-pic1.jpg\" width=\"0\" height=\"0\" data-dbsrc=\"Ly9tYXlvcnR2Lm9yZy93cC1jb250ZW50L3VwbG9hZHMvcmV2c2xpZGVyL0Z1dHVyZVNpZ2h0LURpZ2l0YWwtTWFya2V0aW5nLVRlbXBsYXRlLzEtcGljMS5qcGc=\"\/>\n\t\t\t\t\t\t<img loading=\"lazy\" data-src=\"\/\/mayortv.org\/wp-content\/uploads\/revslider\/FutureSight-Digital-Marketing-Template\/pic4.jpg\" data-libid=\"30\" title=\"pic4.jpg\" width=\"0\" height=\"0\" data-dbsrc=\"Ly9tYXlvcnR2Lm9yZy93cC1jb250ZW50L3VwbG9hZHMvcmV2c2xpZGVyL0Z1dHVyZVNpZ2h0LURpZ2l0YWwtTWFya2V0aW5nLVRlbXBsYXRlL3BpYzQuanBn\"\/>\n\t\t\t\t\t\t<img loading=\"lazy\" data-src=\"\/\/mayortv.org\/wp-content\/uploads\/revslider\/FutureSight-Digital-Marketing-Template\/pic3.jpg\" data-libid=\"31\" title=\"pic3.jpg\" width=\"0\" height=\"0\" data-dbsrc=\"Ly9tYXlvcnR2Lm9yZy93cC1jb250ZW50L3VwbG9hZHMvcmV2c2xpZGVyL0Z1dHVyZVNpZ2h0LURpZ2l0YWwtTWFya2V0aW5nLVRlbXBsYXRlL3BpYzMuanBn\"\/>\n\t\t\t\t\t\t<img loading=\"lazy\" data-src=\"\/\/mayortv.org\/wp-content\/uploads\/revslider\/FutureSight-Digital-Marketing-Template\/pic2.jpg\" data-libid=\"32\" title=\"pic2.jpg\" width=\"0\" height=\"0\" data-dbsrc=\"Ly9tYXlvcnR2Lm9yZy93cC1jb250ZW50L3VwbG9hZHMvcmV2c2xpZGVyL0Z1dHVyZVNpZ2h0LURpZ2l0YWwtTWFya2V0aW5nLVRlbXBsYXRlL3BpYzIuanBn\"\/>\n\t\t\t\t\t\t<img loading=\"lazy\" data-src=\"\/\/mayortv.org\/wp-content\/uploads\/revslider\/FutureSight-Digital-Marketing-Template\/pic5.jpg\" data-libid=\"34\" title=\"pic5.jpg\" width=\"0\" height=\"0\" data-dbsrc=\"Ly9tYXlvcnR2Lm9yZy93cC1jb250ZW50L3VwbG9hZHMvcmV2c2xpZGVyL0Z1dHVyZVNpZ2h0LURpZ2l0YWwtTWFya2V0aW5nLVRlbXBsYXRlL3BpYzUuanBn\"\/>\n\t\t\t\t\t\t<img loading=\"lazy\" data-src=\"\/\/mayortv.org\/wp-content\/uploads\/2025\/02\/Untitled-design-28-1024x1024-1.png\" data-libid=\"51\" title=\"Untitled-design-28-1024&#215;1024\" width=\"0\" height=\"0\" data-dbsrc=\"Ly9tYXlvcnR2Lm9yZy93cC1jb250ZW50L3VwbG9hZHMvMjAyNS8wMi9VbnRpdGxlZC1kZXNpZ24tMjgtMTAyNHgxMDI0LTEucG5n\"\/>\n\t\t\t\t\t\t<img loading=\"lazy\" data-src=\"\/\/mayortv.org\/wp-content\/uploads\/2025\/02\/mayorcollage-small-B.png\" data-libid=\"270\" title=\"mayorcollage-small-B\" width=\"0\" height=\"0\" data-dbsrc=\"Ly9tYXlvcnR2Lm9yZy93cC1jb250ZW50L3VwbG9hZHMvMjAyNS8wMi9tYXlvcmNvbGxhZ2Utc21hbGwtQi5wbmc=\"\/>\n\t\t\t\t\t\t<img loading=\"lazy\" data-src=\"\/\/mayortv.org\/wp-content\/uploads\/2025\/02\/cienncia.jpg\" data-libid=\"267\" title=\"cienncia\" width=\"0\" height=\"0\" data-dbsrc=\"Ly9tYXlvcnR2Lm9yZy93cC1jb250ZW50L3VwbG9hZHMvMjAyNS8wMi9jaWVubmNpYS5qcGc=\"\/>\n\t\t\t\t\t<\/image_lists>\n\t\t\t\t<\/sr7-module>\n\t\t\t\t<script>\n\t\t\t\t\tSR7.PMH ??={}; SR7.PMH[\"SR7_1_1\"] = {cn:100,state:false,fn: function() { if (_tpt!==undefined && _tpt.prepareModuleHeight !== undefined) {  _tpt.prepareModuleHeight({id:\"SR7_1_1\",el:[700,700,600,700,550],type:'carousel',shdw:'0',gh:[700,700,600,700,550],gw:[1240,1240,1024,778,480],vpt:['-100px&#039;,&#039;-100px&#039;,&#039;-100px&#039;,&#039;-100px&#039;,&#039;-100px'],size:{fullWidth:true, fullHeight:false},mh:'0',onh:0,onw:0,bg:{color:'{\"type\":\"solid\",\"orig\":\"#f9fafb\",\"string\":\"rgba(249, 250, 251, 1)\"}'},carousel:{pt:'0',pb:'0'},plType:'7',plColor:'#111827'});   SR7.PMH[\"SR7_1_1\"].state=true;} else if(SR7.PMH[\"SR7_1_1\"].cn-->0)\tsetTimeout( SR7.PMH[\"SR7_1_1\"].fn,19);}};SR7.PMH[\"SR7_1_1\" ].fn();\n\t\t\t\t<\/script>\n<\/div>\n\n\t\t\t\t\t\t<\/div>\n\t\t\t\t<\/div>\n\t\t\t\t\t<\/div>\n\t\t\t\t<\/div>\n\t\t\t\t<section class=\"elementor-section elementor-top-section elementor-element elementor-element-ix62srr elementor-section-height-min-height elementor-section-boxed elementor-section-height-default elementor-section-items-middle\" data-id=\"ix62srr\" data-element_type=\"section\" data-settings=\"{&quot;background_background&quot;:&quot;classic&quot;}\">\n\t\t\t\t\t\t<div class=\"elementor-container elementor-column-gap-no\">\n\t\t\t\t\t<div class=\"elementor-column elementor-col-100 elementor-top-column elementor-element elementor-element-c3b4893\" data-id=\"c3b4893\" data-element_type=\"column\">\n\t\t\t<div class=\"elementor-widget-wrap elementor-element-populated\">\n\t\t\t\t\t\t<div class=\"elementor-element elementor-element-42c3451 elementor-widget elementor-widget-heading\" data-id=\"42c3451\" data-element_type=\"widget\" data-widget_type=\"heading.default\">\n\t\t\t\t<div class=\"elementor-widget-container\">\n\t\t\t\t\t<h2 class=\"elementor-heading-title elementor-size-default\">El Valor de Conectar<\/h2>\t\t\t\t<\/div>\n\t\t\t\t<\/div>\n\t\t\t\t<div class=\"elementor-element elementor-element-10733c5 elementor-widget elementor-widget-text-editor\" data-id=\"10733c5\" data-element_type=\"widget\" data-widget_type=\"text-editor.default\">\n\t\t\t\t<div class=\"elementor-widget-container\">\n\t\t\t\t\t\t\t\t\t<p><strong>Un canal enfocado en nuestras personas mayores que busca ser su fuente de informaci\u00f3n, cultura, y entretenimiento, con presencia en plataformas digitales y televisi\u00f3n abierta. <\/strong><\/p>\t\t\t\t\t\t\t\t<\/div>\n\t\t\t\t<\/div>\n\t\t\t\t<div class=\"elementor-element elementor-element-088dab9 elementor-pagination-position-outside elementor-widget elementor-widget-image-carousel\" data-id=\"088dab9\" data-element_type=\"widget\" data-settings=\"{&quot;navigation&quot;:&quot;dots&quot;,&quot;autoplay&quot;:&quot;yes&quot;,&quot;pause_on_hover&quot;:&quot;yes&quot;,&quot;pause_on_interaction&quot;:&quot;yes&quot;,&quot;autoplay_speed&quot;:5000,&quot;infinite&quot;:&quot;yes&quot;,&quot;speed&quot;:500}\" data-widget_type=\"image-carousel.default\">\n\t\t\t\t<div class=\"elementor-widget-container\">\n\t\t\t\t\t\t\t<div class=\"elementor-image-carousel-wrapper swiper\" role=\"region\" aria-roledescription=\"carousel\" aria-label=\"Carrusel de im\u00e1genes\" dir=\"ltr\">\n\t\t\t<div class=\"elementor-image-carousel swiper-wrapper swiper-image-stretch\" aria-live=\"off\">\n\t\t\t\t\t\t\t\t<div class=\"swiper-slide\" role=\"group\" aria-roledescription=\"slide\" aria-label=\"1 de 3\"><figure class=\"swiper-slide-inner\"><img decoding=\"async\" class=\"swiper-slide-image\" src=\"https:\/\/mayortv.org\/wp-content\/uploads\/2025\/02\/Envejecimiento-Activo-02-768x512.jpeg\" alt=\"Elderly people participate in a flash mob organized on social networks\" \/><\/figure><\/div><div class=\"swiper-slide\" role=\"group\" aria-roledescription=\"slide\" aria-label=\"2 de 3\"><figure class=\"swiper-slide-inner\"><img decoding=\"async\" class=\"swiper-slide-image\" src=\"https:\/\/mayortv.org\/wp-content\/uploads\/2025\/02\/Que-es-el-envejecimiento-activo-3-768x512.webp\" alt=\"Que-es-el-envejecimiento-activo-3\" \/><\/figure><\/div><div class=\"swiper-slide\" role=\"group\" aria-roledescription=\"slide\" aria-label=\"3 de 3\"><figure class=\"swiper-slide-inner\"><img decoding=\"async\" class=\"swiper-slide-image\" src=\"https:\/\/mayortv.org\/wp-content\/uploads\/2025\/02\/1HqZ9v7YaOUBShyX0IbbCKc7JPnYtv45a9cxK1aQ-768x510.jpg\" alt=\"1HqZ9v7YaOUBShyX0IbbCKc7JPnYtv45a9cxK1aQ\" \/><\/figure><\/div>\t\t\t<\/div>\n\t\t\t\t\t\t\t\n\t\t\t\t\t\t\t\t\t<div class=\"swiper-pagination\"><\/div>\n\t\t\t\t\t\t\t\t\t<\/div>\n\t\t\t\t\t\t<\/div>\n\t\t\t\t<\/div>\n\t\t\t\t\t<\/div>\n\t\t<\/div>\n\t\t\t\t\t<\/div>\n\t\t<\/section>\n\t\t<div class=\"elementor-element elementor-element-undefined-53ce5aa e-flex e-con-boxed e-con e-parent\" data-id=\"undefined-53ce5aa\" data-element_type=\"container\">\n\t\t\t\t\t<div class=\"e-con-inner\">\n\t\t\t\t<div class=\"elementor-element elementor-element-undefined-1b140f4 elementor-widget elementor-widget-heading\" data-id=\"undefined-1b140f4\" data-element_type=\"widget\" data-widget_type=\"heading.default\">\n\t\t\t\t<div class=\"elementor-widget-container\">\n\t\t\t\t\t<h2 class=\"elementor-heading-title elementor-size-default\">Conf\u00edan en nuestra misi\u00f3n<\/h2>\t\t\t\t<\/div>\n\t\t\t\t<\/div>\n\t\t<div class=\"elementor-element elementor-element-undefined-0ca2fc8 e-con-full e-flex e-con e-child\" data-id=\"undefined-0ca2fc8\" data-element_type=\"container\">\n\t\t\t\t<div class=\"elementor-element elementor-element-undefined-863e472 elementor-widget-mobile__width-initial elementor-widget elementor-widget-image\" data-id=\"undefined-863e472\" data-element_type=\"widget\" data-widget_type=\"image.default\">\n\t\t\t\t<div class=\"elementor-widget-container\">\n\t\t\t\t\t\t\t\t\t\t\t\t\t\t\t\t<a href=\"https:\/\/www.redsaludableyactiva.org\/ries-gaudium\/\">\n\t\t\t\t\t\t\t<img loading=\"lazy\" decoding=\"async\" width=\"168\" height=\"168\" src=\"https:\/\/mayortv.org\/wp-content\/uploads\/2025\/07\/ries-gaudium.png\" class=\"attachment-large size-large wp-image-284\" alt=\"\" srcset=\"https:\/\/mayortv.org\/wp-content\/uploads\/2025\/07\/ries-gaudium.png 168w, https:\/\/mayortv.org\/wp-content\/uploads\/2025\/07\/ries-gaudium-150x150.png 150w, https:\/\/mayortv.org\/wp-content\/uploads\/2025\/07\/ries-gaudium-106x106.png 106w, https:\/\/mayortv.org\/wp-content\/uploads\/2025\/07\/ries-gaudium-80x80.png 80w\" sizes=\"(max-width: 168px) 100vw, 168px\" \/>\t\t\t\t\t\t\t\t<\/a>\n\t\t\t\t\t\t\t\t\t\t\t\t\t\t\t<\/div>\n\t\t\t\t<\/div>\n\t\t\t\t<div class=\"elementor-element elementor-element-undefined-03c2f51 elementor-widget-mobile__width-initial elementor-widget elementor-widget-image\" data-id=\"undefined-03c2f51\" data-element_type=\"widget\" data-widget_type=\"image.default\">\n\t\t\t\t<div class=\"elementor-widget-container\">\n\t\t\t\t\t\t\t\t\t\t\t\t\t\t\t\t<a href=\"https:\/\/www.instagram.com\/envejecimientoactivochile\/\">\n\t\t\t\t\t\t\t<img loading=\"lazy\" decoding=\"async\" width=\"168\" height=\"168\" src=\"https:\/\/mayortv.org\/wp-content\/uploads\/2025\/07\/fundacionenvejecimiento.png\" class=\"attachment-large size-large wp-image-283\" alt=\"\" srcset=\"https:\/\/mayortv.org\/wp-content\/uploads\/2025\/07\/fundacionenvejecimiento.png 168w, https:\/\/mayortv.org\/wp-content\/uploads\/2025\/07\/fundacionenvejecimiento-150x150.png 150w, https:\/\/mayortv.org\/wp-content\/uploads\/2025\/07\/fundacionenvejecimiento-106x106.png 106w, https:\/\/mayortv.org\/wp-content\/uploads\/2025\/07\/fundacionenvejecimiento-80x80.png 80w\" sizes=\"(max-width: 168px) 100vw, 168px\" \/>\t\t\t\t\t\t\t\t<\/a>\n\t\t\t\t\t\t\t\t\t\t\t\t\t\t\t<\/div>\n\t\t\t\t<\/div>\n\t\t\t\t<div class=\"elementor-element elementor-element-undefined-754fe55 elementor-widget-mobile__width-initial elementor-widget elementor-widget-image\" data-id=\"undefined-754fe55\" data-element_type=\"widget\" data-widget_type=\"image.default\">\n\t\t\t\t<div class=\"elementor-widget-container\">\n\t\t\t\t\t\t\t\t\t\t\t\t\t\t\t\t<a href=\"https:\/\/www.asofamech.cl\/\">\n\t\t\t\t\t\t\t<img loading=\"lazy\" decoding=\"async\" width=\"168\" height=\"168\" src=\"https:\/\/mayortv.org\/wp-content\/uploads\/2025\/07\/asofamech.png\" class=\"attachment-large size-large wp-image-282\" alt=\"\" srcset=\"https:\/\/mayortv.org\/wp-content\/uploads\/2025\/07\/asofamech.png 168w, https:\/\/mayortv.org\/wp-content\/uploads\/2025\/07\/asofamech-150x150.png 150w, https:\/\/mayortv.org\/wp-content\/uploads\/2025\/07\/asofamech-106x106.png 106w, https:\/\/mayortv.org\/wp-content\/uploads\/2025\/07\/asofamech-80x80.png 80w\" sizes=\"(max-width: 168px) 100vw, 168px\" \/>\t\t\t\t\t\t\t\t<\/a>\n\t\t\t\t\t\t\t\t\t\t\t\t\t\t\t<\/div>\n\t\t\t\t<\/div>\n\t\t\t\t<\/div>\n\t\t\t\t\t<\/div>\n\t\t\t\t<\/div>\n\t\t\t\t<\/div>\n\t\t","protected":false},"excerpt":{"rendered":"<p>El Valor de Conectar Un canal enfocado en nuestras personas mayores que busca ser su fuente de informaci\u00f3n, cultura, y entretenimiento, con presencia en plataformas digitales y televisi\u00f3n abierta. Conf\u00edan en nuestra misi\u00f3n<\/p>\n","protected":false},"author":1,"featured_media":0,"parent":0,"menu_order":0,"comment_status":"closed","ping_status":"closed","template":"","meta":{"_kadence_starter_templates_imported_post":false,"footnotes":""},"class_list":["post-17","page","type-page","status-publish","hentry"],"_links":{"self":[{"href":"https:\/\/mayortv.org\/index.php\/wp-json\/wp\/v2\/pages\/17","targetHints":{"allow":["GET"]}}],"collection":[{"href":"https:\/\/mayortv.org\/index.php\/wp-json\/wp\/v2\/pages"}],"about":[{"href":"https:\/\/mayortv.org\/index.php\/wp-json\/wp\/v2\/types\/page"}],"author":[{"embeddable":true,"href":"https:\/\/mayortv.org\/index.php\/wp-json\/wp\/v2\/users\/1"}],"replies":[{"embeddable":true,"href":"https:\/\/mayortv.org\/index.php\/wp-json\/wp\/v2\/comments?post=17"}],"version-history":[{"count":98,"href":"https:\/\/mayortv.org\/index.php\/wp-json\/wp\/v2\/pages\/17\/revisions"}],"predecessor-version":[{"id":342,"href":"https:\/\/mayortv.org\/index.php\/wp-json\/wp\/v2\/pages\/17\/revisions\/342"}],"wp:attachment":[{"href":"https:\/\/mayortv.org\/index.php\/wp-json\/wp\/v2\/media?parent=17"}],"curies":[{"name":"wp","href":"https:\/\/api.w.org\/{rel}","templated":true}]}}